{"id":96,"date":"2013-10-30T19:20:53","date_gmt":"2013-10-30T18:20:53","guid":{"rendered":"http:\/\/www.marikollenfysioterapi.no\/?page_id=96"},"modified":"2025-09-12T12:29:22","modified_gmt":"2025-09-12T10:29:22","slug":"fysioterapi","status":"publish","type":"page","link":"http:\/\/www.marikollenfysioterapi.no\/?page_id=96","title":{"rendered":"Fysioterapi"},"content":{"rendered":"<p>Fysioterapi handler om \u00e5 forebygge, unders\u00f8ke og behandle plager i muskler, ledd og nervesystem. Gjennom trening, veiledning og manuelle teknikker hjelper vi deg med \u00e5 redusere smerter, gjenvinne funksjon og styrke kroppen \u2013 slik at du kan mestre hverdagen bedre.<\/p>\n<p>&nbsp;<\/p>\n<ul>\n<li>Fysioterapeuter er autorisert helsepersonell og har et selvstendig vurderings- og behandlingsansvar i pasient-\/klientsituasjoner.<\/li>\n<li>Fysioterapeuters kunnskapsfelt er kropp, bevegelse og funksjon.<\/li>\n<li>Fysioterapeuter har bred kunnskap om bevegelsessystemets oppbygning og funksjon hos friske og syke og om hvordan fysiske, psykiske og sosiale faktorer bidrar til helse og sykdom.<\/li>\n<li>Det teoretiske grunnlaget for fagut\u00f8velsen er forankret i naturvitenskap, samfunnsvitenskap og humanistisk vitenskap.<\/li>\n<li>Fysioterapeuter kan legge til rette for \u2013 og yte tjenester som bidrar til at individer og befolkningsgrupper utvikler, opprettholder og gjenvinner optimal bevegelses- og funksjonsevne gjennom livsl\u00f8pet.<\/li>\n<li>Hensikten med fysioterapi er \u00e5 optimalisere livskvalitet og bevegelsespotensial innenfor helsefremmende, forebyggende, behandlende og rehabiliterende\/habiliterende virksomhet.<\/li>\n<li>Valg av fysioterapeutiske tiltak er basert p\u00e5 en grundig fysioterapeutisk funksjonsvurdering, en kritisk gjennomgang av forskningskunnskap og systematisert erfaringskunnskap om tiltakets virkninger, samt brukerens egne preferanser.<\/li>\n<li>Fysioterapeuter anvender kroppslige innfallsvinkler og en rekke metoder og tiln\u00e6rminger for \u00e5 stimulere til l\u00e6rings- og endringsprosesser som kan bidra til best mulig funksjon.<\/li>\n<\/ul>\n","protected":false},"excerpt":{"rendered":"<p>Fysioterapi handler om \u00e5 forebygge, unders\u00f8ke og behandle plager i muskler, ledd og nervesystem. Gjennom trening, veiledning og manuelle teknikker hjelper vi deg med \u00e5 redusere smerter, gjenvinne funksjon og styrke kroppen \u2013 slik at du kan mestre hverdagen bedre. &nbsp; Fysioterapeuter er autorisert helsepersonell og har et selvstendig vurderings- og behandlingsansvar i pasient-\/klientsituasjoner. Fysioterapeuters &hellip; <\/p>\n<p class=\"link-more\"><a href=\"http:\/\/www.marikollenfysioterapi.no\/?page_id=96\" class=\"more-link\">Fortsett \u00e5 lese<span class=\"screen-reader-text\"> \u00abFysioterapi\u00bb<\/span><\/a><\/p>\n","protected":false},"author":1,"featured_media":0,"parent":18,"menu_order":0,"comment_status":"closed","ping_status":"closed","template":"","meta":{"footnotes":""},"class_list":["post-96","page","type-page","status-publish","hentry"],"_links":{"self":[{"href":"http:\/\/www.marikollenfysioterapi.no\/index.php?rest_route=\/wp\/v2\/pages\/96","targetHints":{"allow":["GET"]}}],"collection":[{"href":"http:\/\/www.marikollenfysioterapi.no\/index.php?rest_route=\/wp\/v2\/pages"}],"about":[{"href":"http:\/\/www.marikollenfysioterapi.no\/index.php?rest_route=\/wp\/v2\/types\/page"}],"author":[{"embeddable":true,"href":"http:\/\/www.marikollenfysioterapi.no\/index.php?rest_route=\/wp\/v2\/users\/1"}],"replies":[{"embeddable":true,"href":"http:\/\/www.marikollenfysioterapi.no\/index.php?rest_route=%2Fwp%2Fv2%2Fcomments&post=96"}],"version-history":[{"count":5,"href":"http:\/\/www.marikollenfysioterapi.no\/index.php?rest_route=\/wp\/v2\/pages\/96\/revisions"}],"predecessor-version":[{"id":251,"href":"http:\/\/www.marikollenfysioterapi.no\/index.php?rest_route=\/wp\/v2\/pages\/96\/revisions\/251"}],"up":[{"embeddable":true,"href":"http:\/\/www.marikollenfysioterapi.no\/index.php?rest_route=\/wp\/v2\/pages\/18"}],"wp:attachment":[{"href":"http:\/\/www.marikollenfysioterapi.no\/index.php?rest_route=%2Fwp%2Fv2%2Fmedia&parent=96"}],"curies":[{"name":"wp","href":"https:\/\/api.w.org\/{rel}","templated":true}]}}